{"id":548,"date":"2022-08-19T12:23:58","date_gmt":"2022-08-19T12:23:58","guid":{"rendered":"https:\/\/levelupsport.pl\/?page_id=548"},"modified":"2025-04-25T21:24:09","modified_gmt":"2025-04-25T21:24:09","slug":"oferta","status":"publish","type":"page","link":"https:\/\/levelupsport.pl\/index.php\/oferta\/","title":{"rendered":"Oferta"},"content":{"rendered":"\t\t<div data-elementor-type=\"wp-page\" data-elementor-id=\"548\" class=\"elementor elementor-548\">\n\t\t\t\t\t\t\t\t\t<section class=\"elementor-section elementor-top-section elementor-element elementor-element-3b2c7563 elementor-section-boxed elementor-section-height-default elementor-section-height-default\" data-id=\"3b2c7563\" data-element_type=\"section\" id=\"pack\">\n\t\t\t\t\t\t<div class=\"elementor-container elementor-column-gap-default\">\n\t\t\t\t\t<div class=\"elementor-column elementor-col-100 elementor-top-column elementor-element elementor-element-17e7adc6\" data-id=\"17e7adc6\" data-element_type=\"column\">\n\t\t\t<div class=\"elementor-widget-wrap elementor-element-populated\">\n\t\t\t\t\t\t\t\t<div class=\"elementor-element elementor-element-6f4722fe elementor-widget elementor-widget-heading\" data-id=\"6f4722fe\" data-element_type=\"widget\" data-widget_type=\"heading.default\">\n\t\t\t\t<div class=\"elementor-widget-container\">\n\t\t\t<style>\/*! elementor - v3.7.0 - 08-08-2022 *\/\n.elementor-heading-title{padding:0;margin:0;line-height:1}.elementor-widget-heading .elementor-heading-title[class*=elementor-size-]>a{color:inherit;font-size:inherit;line-height:inherit}.elementor-widget-heading .elementor-heading-title.elementor-size-small{font-size:15px}.elementor-widget-heading .elementor-heading-title.elementor-size-medium{font-size:19px}.elementor-widget-heading .elementor-heading-title.elementor-size-large{font-size:29px}.elementor-widget-heading .elementor-heading-title.elementor-size-xl{font-size:39px}.elementor-widget-heading .elementor-heading-title.elementor-size-xxl{font-size:59px}<\/style><h2 class=\"elementor-heading-title elementor-size-xl\">NASZA OFERTA<\/h2>\t\t<\/div>\n\t\t\t\t<\/div>\n\t\t\t\t<section class=\"elementor-section elementor-inner-section elementor-element elementor-element-54a65939 elementor-section-full_width elementor-section-height-default elementor-section-height-default\" data-id=\"54a65939\" data-element_type=\"section\">\n\t\t\t\t\t\t<div class=\"elementor-container elementor-column-gap-default\">\n\t\t\t\t\t<div class=\"elementor-column elementor-col-33 elementor-inner-column elementor-element elementor-element-1402991a\" data-id=\"1402991a\" data-element_type=\"column\">\n\t\t\t<div class=\"elementor-widget-wrap elementor-element-populated\">\n\t\t\t\t\t\t\t\t<div class=\"elementor-element elementor-element-330c0b14 elementor-position-top elementor-vertical-align-top elementor-widget elementor-widget-image-box\" data-id=\"330c0b14\" data-element_type=\"widget\" data-widget_type=\"image-box.default\">\n\t\t\t\t<div class=\"elementor-widget-container\">\n\t\t\t<style>\/*! elementor - v3.7.0 - 08-08-2022 *\/\n.elementor-widget-image-box .elementor-image-box-content{width:100%}@media (min-width:768px){.elementor-widget-image-box.elementor-position-left .elementor-image-box-wrapper,.elementor-widget-image-box.elementor-position-right .elementor-image-box-wrapper{display:-webkit-box;display:-ms-flexbox;display:flex}.elementor-widget-image-box.elementor-position-right .elementor-image-box-wrapper{text-align:right;-webkit-box-orient:horizontal;-webkit-box-direction:reverse;-ms-flex-direction:row-reverse;flex-direction:row-reverse}.elementor-widget-image-box.elementor-position-left .elementor-image-box-wrapper{text-align:left;-webkit-box-orient:horizontal;-webkit-box-direction:normal;-ms-flex-direction:row;flex-direction:row}.elementor-widget-image-box.elementor-position-top .elementor-image-box-img{margin:auto}.elementor-widget-image-box.elementor-vertical-align-top .elementor-image-box-wrapper{-webkit-box-align:start;-ms-flex-align:start;align-items:flex-start}.elementor-widget-image-box.elementor-vertical-align-middle .elementor-image-box-wrapper{-webkit-box-align:center;-ms-flex-align:center;align-items:center}.elementor-widget-image-box.elementor-vertical-align-bottom .elementor-image-box-wrapper{-webkit-box-align:end;-ms-flex-align:end;align-items:flex-end}}@media (max-width:767px){.elementor-widget-image-box .elementor-image-box-img{margin-left:auto!important;margin-right:auto!important;margin-bottom:15px}}.elementor-widget-image-box .elementor-image-box-img{display:inline-block}.elementor-widget-image-box .elementor-image-box-title a{color:inherit}.elementor-widget-image-box .elementor-image-box-wrapper{text-align:center}.elementor-widget-image-box .elementor-image-box-description{margin:0}<\/style><div class=\"elementor-image-box-wrapper\"><figure class=\"elementor-image-box-img\"><a href=\"https:\/\/levelupsport.pl\/index.php\/2016\/10\/19\/oboz-pilkarski-w-wadowicach-wojewodztwo-malopolskie\/\"><img width=\"1024\" height=\"695\" src=\"https:\/\/levelupsport.pl\/wp-content\/uploads\/2023\/08\/gf-HzuZ-pmsC-ZR5d_rodzaje-pilek-czy-znasz-je-wszystkie-1920x1080-nocrop-1024x695.jpg\" class=\"elementor-animation-push attachment-large size-large\" alt=\"\" loading=\"lazy\" \/><\/a><\/figure><div class=\"elementor-image-box-content\"><h3 class=\"elementor-image-box-title\"><a href=\"https:\/\/levelupsport.pl\/index.php\/2016\/10\/19\/oboz-pilkarski-w-wadowicach-wojewodztwo-malopolskie\/\">Obozy Sportowe<\/a><\/h3><\/div><\/div>\t\t<\/div>\n\t\t\t\t<\/div>\n\t\t\t\t<div class=\"elementor-element elementor-element-c74c99f elementor-position-top elementor-vertical-align-top elementor-widget elementor-widget-image-box\" data-id=\"c74c99f\" data-element_type=\"widget\" data-widget_type=\"image-box.default\">\n\t\t\t\t<div class=\"elementor-widget-container\">\n\t\t\t<div class=\"elementor-image-box-wrapper\"><figure class=\"elementor-image-box-img\"><a href=\"https:\/\/levelupsport.pl\/index.php\/2022\/08\/24\/level-up-football-academy\/\"><img width=\"1280\" height=\"853\" src=\"https:\/\/levelupsport.pl\/wp-content\/uploads\/2022\/08\/football-g6c2023762_1280.jpg\" class=\"elementor-animation-push attachment-full size-full\" alt=\"\" loading=\"lazy\" \/><\/a><\/figure><div class=\"elementor-image-box-content\"><h3 class=\"elementor-image-box-title\"><a href=\"https:\/\/levelupsport.pl\/index.php\/2022\/08\/24\/level-up-football-academy\/\">LEVEL UP FOOTBALL ACADEMY<\/a><\/h3><\/div><\/div>\t\t<\/div>\n\t\t\t\t<\/div>\n\t\t\t\t\t<\/div>\n\t\t<\/div>\n\t\t\t\t<div class=\"elementor-column elementor-col-33 elementor-inner-column elementor-element elementor-element-5184ae85\" data-id=\"5184ae85\" data-element_type=\"column\">\n\t\t\t<div class=\"elementor-widget-wrap elementor-element-populated\">\n\t\t\t\t\t\t\t\t<div class=\"elementor-element elementor-element-685b6f55 elementor-position-top elementor-vertical-align-top elementor-widget elementor-widget-image-box\" data-id=\"685b6f55\" data-element_type=\"widget\" data-widget_type=\"image-box.default\">\n\t\t\t\t<div class=\"elementor-widget-container\">\n\t\t\t<div class=\"elementor-image-box-wrapper\"><figure class=\"elementor-image-box-img\"><a href=\"https:\/\/levelupsport.pl\/index.php\/2022\/08\/19\/polkolonie\/\"><img width=\"603\" height=\"404\" src=\"https:\/\/levelupsport.pl\/wp-content\/uploads\/2022\/08\/dziewczynka.png\" class=\"elementor-animation-push attachment-large size-large\" alt=\"\" loading=\"lazy\" \/><\/a><\/figure><div class=\"elementor-image-box-content\"><h3 class=\"elementor-image-box-title\"><a href=\"https:\/\/levelupsport.pl\/index.php\/2022\/08\/19\/polkolonie\/\">P\u00d3\u0141KOLONIE<\/a><\/h3><\/div><\/div>\t\t<\/div>\n\t\t\t\t<\/div>\n\t\t\t\t<div class=\"elementor-element elementor-element-5ecb5e1a elementor-position-top elementor-vertical-align-top elementor-widget elementor-widget-image-box\" data-id=\"5ecb5e1a\" data-element_type=\"widget\" data-widget_type=\"image-box.default\">\n\t\t\t\t<div class=\"elementor-widget-container\">\n\t\t\t<div class=\"elementor-image-box-wrapper\"><figure class=\"elementor-image-box-img\"><a href=\"https:\/\/levelupsport.pl\/index.php\/moj-pierwszy-oboz\/\"><img width=\"1280\" height=\"800\" src=\"https:\/\/levelupsport.pl\/wp-content\/uploads\/2024\/05\/31819e98-60f3-469d-b637-c8ebafba3974.jpg\" class=\"elementor-animation-push attachment-full size-full\" alt=\"m\u00f3j pierwszy ob\u00f3z, dzieci, sport, pi\u0142ka no\u017cna, ob\u00f3z, zabawa, wakacje 2024\" loading=\"lazy\" \/><\/a><\/figure><div class=\"elementor-image-box-content\"><h3 class=\"elementor-image-box-title\"><a href=\"https:\/\/levelupsport.pl\/index.php\/moj-pierwszy-oboz\/\">M\u00f3j pierwszy ob\u00f3z - edycja 2025<\/a><\/h3><\/div><\/div>\t\t<\/div>\n\t\t\t\t<\/div>\n\t\t\t\t\t<\/div>\n\t\t<\/div>\n\t\t\t\t<div class=\"elementor-column elementor-col-33 elementor-inner-column elementor-element elementor-element-57dde789\" data-id=\"57dde789\" data-element_type=\"column\">\n\t\t\t<div class=\"elementor-widget-wrap elementor-element-populated\">\n\t\t\t\t\t\t\t\t<div class=\"elementor-element elementor-element-80aa27f elementor-position-top elementor-vertical-align-top elementor-widget elementor-widget-image-box\" data-id=\"80aa27f\" data-element_type=\"widget\" data-widget_type=\"image-box.default\">\n\t\t\t\t<div class=\"elementor-widget-container\">\n\t\t\t<div class=\"elementor-image-box-wrapper\"><figure class=\"elementor-image-box-img\"><a href=\"https:\/\/levelupsport.pl\/index.php\/2022\/08\/24\/turnieje\/\"><img width=\"1024\" height=\"683\" src=\"https:\/\/levelupsport.pl\/wp-content\/uploads\/2023\/01\/young-boys-training-soccer-football-on-the-green-pitch-of-the-football-stadium-training-session-for-youth-boys-team-before-the-tournament-soccer-match-1024x683.jpg\" class=\"elementor-animation-push attachment-large size-large\" alt=\"\" loading=\"lazy\" \/><\/a><\/figure><div class=\"elementor-image-box-content\"><h3 class=\"elementor-image-box-title\"><a href=\"https:\/\/levelupsport.pl\/index.php\/2022\/08\/24\/turnieje\/\">TURNIEJE<\/a><\/h3><\/div><\/div>\t\t<\/div>\n\t\t\t\t<\/div>\n\t\t\t\t<div class=\"elementor-element elementor-element-936863d elementor-position-top elementor-vertical-align-top elementor-widget elementor-widget-image-box\" data-id=\"936863d\" data-element_type=\"widget\" data-widget_type=\"image-box.default\">\n\t\t\t\t<div class=\"elementor-widget-container\">\n\t\t\t<div class=\"elementor-image-box-wrapper\"><figure class=\"elementor-image-box-img\"><a href=\"https:\/\/levelupsport.pl\/index.php\/oferta-dla-przedszkoli\/\"><img width=\"729\" height=\"486\" src=\"https:\/\/levelupsport.pl\/wp-content\/uploads\/2024\/05\/f387a795-3129-48ff-a0bc-272048fd62c1.jpg\" class=\"elementor-animation-push attachment-full size-full\" alt=\"przedszkole, zaj\u0119cia sportowe, kids , pi\u0142ka no\u017cna, zabawa\" loading=\"lazy\" \/><\/a><\/figure><div class=\"elementor-image-box-content\"><h3 class=\"elementor-image-box-title\"><a href=\"https:\/\/levelupsport.pl\/index.php\/oferta-dla-przedszkoli\/\">Oferta dla przedszkoli<\/a><\/h3><\/div><\/div>\t\t<\/div>\n\t\t\t\t<\/div>\n\t\t\t\t\t<\/div>\n\t\t<\/div>\n\t\t\t\t\t\t\t<\/div>\n\t\t<\/section>\n\t\t\t\t\t<\/div>\n\t\t<\/div>\n\t\t\t\t\t\t\t<\/div>\n\t\t<\/section>\n\t\t\t\t\t\t\t<\/div>\n\t\t","protected":false},"excerpt":{"rendered":"<p>NASZA OFERTA Obozy Sportowe LEVEL UP FOOTBALL ACADEMY P\u00d3\u0141KOLONIE M\u00f3j pierwszy ob\u00f3z &#8211; edycja 2025 TURNIEJE Oferta dla przedszkoli<\/p>\n","protected":false},"author":1,"featured_media":0,"parent":0,"menu_order":0,"comment_status":"closed","ping_status":"closed","template":"","meta":[],"_links":{"self":[{"href":"https:\/\/levelupsport.pl\/index.php\/wp-json\/wp\/v2\/pages\/548"}],"collection":[{"href":"https:\/\/levelupsport.pl\/index.php\/wp-json\/wp\/v2\/pages"}],"about":[{"href":"https:\/\/levelupsport.pl\/index.php\/wp-json\/wp\/v2\/types\/page"}],"author":[{"embeddable":true,"href":"https:\/\/levelupsport.pl\/index.php\/wp-json\/wp\/v2\/users\/1"}],"replies":[{"embeddable":true,"href":"https:\/\/levelupsport.pl\/index.php\/wp-json\/wp\/v2\/comments?post=548"}],"version-history":[{"count":84,"href":"https:\/\/levelupsport.pl\/index.php\/wp-json\/wp\/v2\/pages\/548\/revisions"}],"predecessor-version":[{"id":1737,"href":"https:\/\/levelupsport.pl\/index.php\/wp-json\/wp\/v2\/pages\/548\/revisions\/1737"}],"wp:attachment":[{"href":"https:\/\/levelupsport.pl\/index.php\/wp-json\/wp\/v2\/media?parent=548"}],"curies":[{"name":"wp","href":"https:\/\/api.w.org\/{rel}","templated":true}]}}