{"id":500,"date":"2022-08-19T11:23:39","date_gmt":"2022-08-19T11:23:39","guid":{"rendered":"https:\/\/levelupsport.pl\/?page_id=500"},"modified":"2022-09-01T13:32:15","modified_gmt":"2022-09-01T13:32:15","slug":"o-nas","status":"publish","type":"page","link":"https:\/\/levelupsport.pl\/index.php\/o-nas\/","title":{"rendered":"O Nas"},"content":{"rendered":"\t\t<div data-elementor-type=\"wp-page\" data-elementor-id=\"500\" class=\"elementor elementor-500\">\n\t\t\t\t\t\t\t\t\t<section class=\"elementor-section elementor-top-section elementor-element elementor-element-317cbfe elementor-section-boxed elementor-section-height-default elementor-section-height-default\" data-id=\"317cbfe\" data-element_type=\"section\" data-settings=\"{&quot;background_background&quot;:&quot;classic&quot;,&quot;shape_divider_top&quot;:&quot;book&quot;,&quot;shape_divider_top_negative&quot;:&quot;yes&quot;,&quot;shape_divider_bottom&quot;:&quot;book&quot;,&quot;shape_divider_bottom_negative&quot;:&quot;yes&quot;}\">\n\t\t\t\t\t<div class=\"elementor-shape elementor-shape-top\" data-negative=\"true\">\n\t\t\t<svg xmlns=\"http:\/\/www.w3.org\/2000\/svg\" viewBox=\"0 0 1000 100\" preserveAspectRatio=\"none\">\n\t<path class=\"elementor-shape-fill\" d=\"M806,94.7C619.5,90,500,20.3,500,1.7c-1,18.6-117.5,88.3-306,93C92,97.2,0,97.9,0,97.9v-0l0,0v2.3h1000v-2.3 C1000,97.7,920.3,97.6,806,94.7z M350,65.1L350,65.1L350,65.1L350,65.1z\"\/>\n<\/svg>\n\t\t<\/div>\n\t\t\t\t<div class=\"elementor-shape elementor-shape-bottom\" data-negative=\"true\">\n\t\t\t<svg xmlns=\"http:\/\/www.w3.org\/2000\/svg\" viewBox=\"0 0 1000 100\" preserveAspectRatio=\"none\">\n\t<path class=\"elementor-shape-fill\" d=\"M806,94.7C619.5,90,500,20.3,500,1.7c-1,18.6-117.5,88.3-306,93C92,97.2,0,97.9,0,97.9v-0l0,0v2.3h1000v-2.3 C1000,97.7,920.3,97.6,806,94.7z M350,65.1L350,65.1L350,65.1L350,65.1z\"\/>\n<\/svg>\n\t\t<\/div>\n\t\t\t\t\t<div class=\"elementor-container elementor-column-gap-default\">\n\t\t\t\t\t<div class=\"elementor-column elementor-col-50 elementor-top-column elementor-element elementor-element-9fca48f\" data-id=\"9fca48f\" data-element_type=\"column\">\n\t\t\t<div class=\"elementor-widget-wrap elementor-element-populated\">\n\t\t\t\t\t\t\t\t<div class=\"elementor-element elementor-element-7bff272 elementor-drop-cap-yes elementor-drop-cap-view-default elementor-widget elementor-widget-text-editor\" data-id=\"7bff272\" data-element_type=\"widget\" data-settings=\"{&quot;drop_cap&quot;:&quot;yes&quot;}\" data-widget_type=\"text-editor.default\">\n\t\t\t\t<div class=\"elementor-widget-container\">\n\t\t\t<style>\/*! elementor - v3.7.0 - 08-08-2022 *\/\n.elementor-widget-text-editor.elementor-drop-cap-view-stacked .elementor-drop-cap{background-color:#818a91;color:#fff}.elementor-widget-text-editor.elementor-drop-cap-view-framed .elementor-drop-cap{color:#818a91;border:3px solid;background-color:transparent}.elementor-widget-text-editor:not(.elementor-drop-cap-view-default) .elementor-drop-cap{margin-top:8px}.elementor-widget-text-editor:not(.elementor-drop-cap-view-default) .elementor-drop-cap-letter{width:1em;height:1em}.elementor-widget-text-editor .elementor-drop-cap{float:left;text-align:center;line-height:1;font-size:50px}.elementor-widget-text-editor .elementor-drop-cap-letter{display:inline-block}<\/style>\t\t\t\t<p><span style=\"font-weight: 400;\">Level up sport powsta\u0142a przede wszystkim z mi\u0142o\u015bci do sportu. <br \/>Nasz\u0105 g\u0142\u00f3wn\u0105 misj\u0105 jest promowanie aktywnego trybu \u017cycia w\u015br\u00f3d dzieci, m\u0142odzie\u017cy i doros\u0142ych. Poprzez promocj\u0119 sportu chcemy dotrze\u0107 do spo\u0142ecze\u0144stwa pod\u0105\u017caj\u0105c za ide\u0105 \u201e<strong>w zdrowym ciele zdrowy duch<\/strong>\u201d !<\/span><\/p><p><span style=\"font-weight: 400;\">Zajmujemy si\u0119 profesjonaln\u0105 organizacj\u0105 oboz\u00f3w sportowych, event\u00f3w, p\u00f3\u0142kolonii oraz turniej\u00f3w pi\u0142karskich. Jeste\u015bmy otwarci na wsp\u00f3\u0142prac\u0119 z r\u00f3\u017cnymi instytucjami, zorganizujemy profesjonalne obozy sportowe jak r\u00f3wnie\u017c wyjazdy sportowo-rekreacyjne. <\/span><\/p>\t\t\t\t\t\t<\/div>\n\t\t\t\t<\/div>\n\t\t\t\t<div class=\"elementor-element elementor-element-db73723 elementor-widget elementor-widget-text-editor\" data-id=\"db73723\" data-element_type=\"widget\" data-widget_type=\"text-editor.default\">\n\t\t\t\t<div class=\"elementor-widget-container\">\n\t\t\t\t\t\t\t<p>\u00a0<\/p><p><strong><img loading=\"lazy\" class=\"wp-image-383 aligncenter\" src=\"https:\/\/levelupsport.pl\/wp-content\/uploads\/2022\/08\/levelup-300x300.png\" alt=\"\" width=\"186\" height=\"186\" srcset=\"https:\/\/levelupsport.pl\/wp-content\/uploads\/2022\/08\/levelup-300x300.png 300w, https:\/\/levelupsport.pl\/wp-content\/uploads\/2022\/08\/levelup-1024x1024.png 1024w, https:\/\/levelupsport.pl\/wp-content\/uploads\/2022\/08\/levelup-150x150.png 150w, https:\/\/levelupsport.pl\/wp-content\/uploads\/2022\/08\/levelup-768x768.png 768w, https:\/\/levelupsport.pl\/wp-content\/uploads\/2022\/08\/levelup-600x600.png 600w, https:\/\/levelupsport.pl\/wp-content\/uploads\/2022\/08\/levelup.png 1222w\" sizes=\"(max-width: 186px) 100vw, 186px\" \/><br \/><\/strong><\/p>\t\t\t\t\t\t<\/div>\n\t\t\t\t<\/div>\n\t\t\t\t\t<\/div>\n\t\t<\/div>\n\t\t\t\t<div class=\"elementor-column elementor-col-50 elementor-top-column elementor-element elementor-element-cae208c\" data-id=\"cae208c\" data-element_type=\"column\">\n\t\t\t<div class=\"elementor-widget-wrap elementor-element-populated\">\n\t\t\t\t\t\t\t\t<div class=\"elementor-element elementor-element-83c05ad elementor-drop-cap-yes elementor-drop-cap-view-default elementor-widget elementor-widget-text-editor\" data-id=\"83c05ad\" data-element_type=\"widget\" data-settings=\"{&quot;drop_cap&quot;:&quot;yes&quot;}\" data-widget_type=\"text-editor.default\">\n\t\t\t\t<div class=\"elementor-widget-container\">\n\t\t\t\t\t\t\t<p><strong style=\"font-size: 16px;\">\u00a0<\/strong><strong style=\"font-size: 16px;\">Kacper Hawryluk<\/strong><span style=\"font-size: 16px; font-weight: 400;\"> &#8211; trener pi\u0142ki no\u017cnej z licencj\u0105 UEFA A, od najm\u0142odszych lat zwi\u0105zany z pi\u0142k\u0105 no\u017cn\u0105 oraz sportem. W 2018 roku uko\u0144czy\u0142 Akademi\u0119 Wychowania Fizycznego im. J\u00f3zefa Pi\u0142sudskiego w Warszawie na kierunku Wychowanie Fizyczne z tytu\u0142em magistra.<\/span><\/p><p><span style=\"font-weight: 400;\"><strong><img loading=\"lazy\" class=\"size-medium wp-image-693 alignleft\" src=\"https:\/\/levelupsport.pl\/wp-content\/uploads\/2022\/09\/IMG_2529-225x300.jpg\" alt=\"\" width=\"225\" height=\"300\" srcset=\"https:\/\/levelupsport.pl\/wp-content\/uploads\/2022\/09\/IMG_2529-225x300.jpg 225w, https:\/\/levelupsport.pl\/wp-content\/uploads\/2022\/09\/IMG_2529-768x1024.jpg 768w, https:\/\/levelupsport.pl\/wp-content\/uploads\/2022\/09\/IMG_2529-1152x1536.jpg 1152w, https:\/\/levelupsport.pl\/wp-content\/uploads\/2022\/09\/IMG_2529-1536x2048.jpg 1536w, https:\/\/levelupsport.pl\/wp-content\/uploads\/2022\/09\/IMG_2529-scaled.jpg 1920w\" sizes=\"(max-width: 225px) 100vw, 225px\" \/><\/strong>Od 2013 roku pracuje z dzie\u0107mi i m\u0142odzie\u017c\u0105 w wieku od 3 do 18 lat bior\u0105c udzia\u0142 w wielu projektach, eventach oraz obozach sportowo-rekreacyjnych na r\u00f3\u017cnym poziomie. Od 2018 roku pracownik jednej z warszawskich szk\u00f3\u0142 \u015brednich.<br \/>Jego pasja to przede wszystkim aktywno\u015b\u0107 fizyczna w ka\u017cdej postaci oraz podr\u00f3\u017ce st\u0105d pomys\u0142 na za\u0142o\u017cenie w\u0142asnego biura turystycznego z pe\u0142n\u0105 ofert\u0105 zar\u00f3wno dla klub\u00f3w sportowych jak i jednostek.<br \/><strong>Level up sport to po\u0142\u0105czenie sportu, turystyki i rekreacji.<\/strong> Ka\u017cdy klient znajdzie tutaj co\u015b dla siebie. Zapraszamy do skorzystania z naszej oferty, kt\u00f3ra stale si\u0119 rozwija, aby spe\u0142ni\u0107 Pa\u0144stwa oczekiwania<\/span><\/p>\t\t\t\t\t\t<\/div>\n\t\t\t\t<\/div>\n\t\t\t\t\t<\/div>\n\t\t<\/div>\n\t\t\t\t\t\t\t<\/div>\n\t\t<\/section>\n\t\t\t\t\t\t\t<\/div>\n\t\t","protected":false},"excerpt":{"rendered":"<p>Level up sport powsta\u0142a przede wszystkim z mi\u0142o\u015bci do sportu. Nasz\u0105 g\u0142\u00f3wn\u0105 misj\u0105 jest promowanie aktywnego trybu \u017cycia w\u015br\u00f3d dzieci, m\u0142odzie\u017cy i doros\u0142ych. Poprzez promocj\u0119 sportu chcemy dotrze\u0107 do spo\u0142ecze\u0144stwa pod\u0105\u017caj\u0105c za ide\u0105 \u201ew zdrowym ciele zdrowy duch\u201d ! Zajmujemy si\u0119 profesjonaln\u0105 organizacj\u0105 oboz\u00f3w sportowych, event\u00f3w, p\u00f3\u0142kolonii oraz turniej\u00f3w pi\u0142karskich. Jeste\u015bmy otwarci na wsp\u00f3\u0142prac\u0119 z [&hellip;]<\/p>\n","protected":false},"author":1,"featured_media":0,"parent":0,"menu_order":0,"comment_status":"closed","ping_status":"closed","template":"","meta":[],"_links":{"self":[{"href":"https:\/\/levelupsport.pl\/index.php\/wp-json\/wp\/v2\/pages\/500"}],"collection":[{"href":"https:\/\/levelupsport.pl\/index.php\/wp-json\/wp\/v2\/pages"}],"about":[{"href":"https:\/\/levelupsport.pl\/index.php\/wp-json\/wp\/v2\/types\/page"}],"author":[{"embeddable":true,"href":"https:\/\/levelupsport.pl\/index.php\/wp-json\/wp\/v2\/users\/1"}],"replies":[{"embeddable":true,"href":"https:\/\/levelupsport.pl\/index.php\/wp-json\/wp\/v2\/comments?post=500"}],"version-history":[{"count":38,"href":"https:\/\/levelupsport.pl\/index.php\/wp-json\/wp\/v2\/pages\/500\/revisions"}],"predecessor-version":[{"id":697,"href":"https:\/\/levelupsport.pl\/index.php\/wp-json\/wp\/v2\/pages\/500\/revisions\/697"}],"wp:attachment":[{"href":"https:\/\/levelupsport.pl\/index.php\/wp-json\/wp\/v2\/media?parent=500"}],"curies":[{"name":"wp","href":"https:\/\/api.w.org\/{rel}","templated":true}]}}