{"id":1688,"date":"2025-03-31T19:55:15","date_gmt":"2025-03-31T19:55:15","guid":{"rendered":"https:\/\/levelupsport.pl\/?page_id=1688"},"modified":"2025-03-31T20:40:43","modified_gmt":"2025-03-31T20:40:43","slug":"fun-kids-cup-2025","status":"publish","type":"page","link":"https:\/\/levelupsport.pl\/index.php\/level-up-cup-2023\/fun-kids-cup-2025\/","title":{"rendered":"FUN KIDS CUP &#8211; 2025"},"content":{"rendered":"\t\t<div data-elementor-type=\"wp-page\" data-elementor-id=\"1688\" class=\"elementor elementor-1688\">\n\t\t\t\t\t\t\t\t\t<section class=\"elementor-section elementor-top-section elementor-element elementor-element-c2fe518 elementor-section-full_width elementor-section-height-default elementor-section-height-default\" data-id=\"c2fe518\" data-element_type=\"section\">\n\t\t\t\t\t\t<div class=\"elementor-container elementor-column-gap-default\">\n\t\t\t\t\t<div class=\"elementor-column elementor-col-100 elementor-top-column elementor-element elementor-element-bf4b1fa\" data-id=\"bf4b1fa\" data-element_type=\"column\">\n\t\t\t<div class=\"elementor-widget-wrap elementor-element-populated\">\n\t\t\t\t\t\t\t\t<div class=\"elementor-element elementor-element-c37a3e4 elementor-widget__width-inherit elementor-widget elementor-widget-heading\" data-id=\"c37a3e4\" data-element_type=\"widget\" data-widget_type=\"heading.default\">\n\t\t\t\t<div class=\"elementor-widget-container\">\n\t\t\t<style>\/*! elementor - v3.7.0 - 08-08-2022 *\/\n.elementor-heading-title{padding:0;margin:0;line-height:1}.elementor-widget-heading .elementor-heading-title[class*=elementor-size-]>a{color:inherit;font-size:inherit;line-height:inherit}.elementor-widget-heading .elementor-heading-title.elementor-size-small{font-size:15px}.elementor-widget-heading .elementor-heading-title.elementor-size-medium{font-size:19px}.elementor-widget-heading .elementor-heading-title.elementor-size-large{font-size:29px}.elementor-widget-heading .elementor-heading-title.elementor-size-xl{font-size:39px}.elementor-widget-heading .elementor-heading-title.elementor-size-xxl{font-size:59px}<\/style><h2 class=\"elementor-heading-title elementor-size-xl\">FUN KIDS CUP <b>- 2025<\/b><\/h2>\t\t<\/div>\n\t\t\t\t<\/div>\n\t\t\t\t\t<\/div>\n\t\t<\/div>\n\t\t\t\t\t\t\t<\/div>\n\t\t<\/section>\n\t\t\t\t<section class=\"elementor-section elementor-top-section elementor-element elementor-element-5d6e0f3 elementor-section-full_width elementor-section-height-default elementor-section-height-default\" data-id=\"5d6e0f3\" data-element_type=\"section\">\n\t\t\t\t\t\t<div class=\"elementor-container elementor-column-gap-default\">\n\t\t\t\t\t<div class=\"elementor-column elementor-col-100 elementor-top-column elementor-element elementor-element-5e4a6e0\" data-id=\"5e4a6e0\" data-element_type=\"column\">\n\t\t\t<div class=\"elementor-widget-wrap elementor-element-populated\">\n\t\t\t\t\t\t\t\t<div class=\"elementor-element elementor-element-c4c2a0e elementor-widget__width-inherit elementor-widget elementor-widget-text-editor\" data-id=\"c4c2a0e\" data-element_type=\"widget\" data-widget_type=\"text-editor.default\">\n\t\t\t\t<div class=\"elementor-widget-container\">\n\t\t\t<style>\/*! elementor - v3.7.0 - 08-08-2022 *\/\n.elementor-widget-text-editor.elementor-drop-cap-view-stacked .elementor-drop-cap{background-color:#818a91;color:#fff}.elementor-widget-text-editor.elementor-drop-cap-view-framed .elementor-drop-cap{color:#818a91;border:3px solid;background-color:transparent}.elementor-widget-text-editor:not(.elementor-drop-cap-view-default) .elementor-drop-cap{margin-top:8px}.elementor-widget-text-editor:not(.elementor-drop-cap-view-default) .elementor-drop-cap-letter{width:1em;height:1em}.elementor-widget-text-editor .elementor-drop-cap{float:left;text-align:center;line-height:1;font-size:50px}.elementor-widget-text-editor .elementor-drop-cap-letter{display:inline-block}<\/style>\t\t\t\t<p style=\"text-align: center;\"><strong>31.05.2025 r. &#8211; rocznik 2015\u00a0<span style=\"font-family: Roboto; font-size: 15px; font-style: normal; font-variant-ligatures: normal; font-variant-caps: normal;\">\u00a0<\/span><span style=\"font-family: Roboto; font-size: 15px; font-style: normal; font-variant-ligatures: normal; font-variant-caps: normal;\">poziom podstawowy (8:00-13:00), poziom zaawansowany (13:00-18:00)<\/span><\/strong><\/p><h3 style=\"text-align: center;\"><strong><span style=\"font-family: Roboto; font-size: 15px; font-style: normal; font-variant-ligatures: normal; font-variant-caps: normal;\">14.06.2025 r. &#8211;\u00a0<\/span><span style=\"font-family: Roboto; font-size: 15px; font-style: normal; font-variant-ligatures: normal; font-variant-caps: normal;\">rocznik 2016\u00a0<\/span><span style=\"font-family: Roboto; font-size: 15px; font-style: normal; font-variant-ligatures: normal; font-variant-caps: normal;\">\u00a0<\/span><span style=\"font-family: Roboto; font-size: 15px; font-style: normal; font-variant-ligatures: normal; font-variant-caps: normal;\">poziom podstawowy (8:00-13:00), poziom zaawansowany (13:00-18:00)<\/span><\/strong><\/h3><ul><li><span style=\"font-size: 15px;\">doskona\u0142a lokalizacja: Warszawa Ochota ul. Szcz\u0119\u015bliwicka 56<\/span><\/li><li>\u00a0na ka\u017cdym poziomie zaawansowania 10 dru\u017cyn (2 grupy po 5\u00a0 zespol\u00f3w)<\/li><li>czas trwania meczu 20 minut (bez przerwy)<\/li><li>mecze rozgrywane r\u00f3wnocze\u015bnie na dw\u00f3ch boiskach<\/li><li>nagrody dla wszystkich uczestnik\u00f3w<\/li><\/ul><div>Koszt udzia\u0142u w turnieju 600 z\u0142 od dru\u017cyny.<br \/>Zapisy pod numerem telefonu 573-473-472 oraz mailowo levelupsport2022@gmail.com<\/div><p><span style=\"font-family: Roboto; font-size: 15px; font-style: normal; font-variant-ligatures: normal; font-variant-caps: normal; font-weight: 400;\">\u00a0<\/span><\/p>\t\t\t\t\t\t<\/div>\n\t\t\t\t<\/div>\n\t\t\t\t\t<\/div>\n\t\t<\/div>\n\t\t\t\t\t\t\t<\/div>\n\t\t<\/section>\n\t\t\t\t<section class=\"elementor-section elementor-top-section elementor-element elementor-element-08082ae elementor-section-boxed elementor-section-height-default elementor-section-height-default\" data-id=\"08082ae\" data-element_type=\"section\">\n\t\t\t\t\t\t<div class=\"elementor-container elementor-column-gap-default\">\n\t\t\t\t\t<div class=\"elementor-column elementor-col-100 elementor-top-column elementor-element elementor-element-d01454c\" data-id=\"d01454c\" data-element_type=\"column\">\n\t\t\t<div class=\"elementor-widget-wrap elementor-element-populated\">\n\t\t\t\t\t\t\t\t<div class=\"elementor-element elementor-element-4d024e8 elementor-widget elementor-widget-image\" data-id=\"4d024e8\" data-element_type=\"widget\" data-widget_type=\"image.default\">\n\t\t\t\t<div class=\"elementor-widget-container\">\n\t\t\t<style>\/*! elementor - v3.7.0 - 08-08-2022 *\/\n.elementor-widget-image{text-align:center}.elementor-widget-image a{display:inline-block}.elementor-widget-image a img[src$=\".svg\"]{width:48px}.elementor-widget-image img{vertical-align:middle;display:inline-block}<\/style>\t\t\t\t\t\t\t\t\t\t\t\t<img width=\"731\" height=\"1024\" src=\"https:\/\/levelupsport.pl\/wp-content\/uploads\/2025\/03\/Green-Modern-Football-Tournament-Poster-731x1024.jpg\" class=\"attachment-large size-large\" alt=\"\" loading=\"lazy\" srcset=\"https:\/\/levelupsport.pl\/wp-content\/uploads\/2025\/03\/Green-Modern-Football-Tournament-Poster-731x1024.jpg 731w, https:\/\/levelupsport.pl\/wp-content\/uploads\/2025\/03\/Green-Modern-Football-Tournament-Poster-214x300.jpg 214w, https:\/\/levelupsport.pl\/wp-content\/uploads\/2025\/03\/Green-Modern-Football-Tournament-Poster-768x1075.jpg 768w, https:\/\/levelupsport.pl\/wp-content\/uploads\/2025\/03\/Green-Modern-Football-Tournament-Poster-1097x1536.jpg 1097w, https:\/\/levelupsport.pl\/wp-content\/uploads\/2025\/03\/Green-Modern-Football-Tournament-Poster-1463x2048.jpg 1463w, https:\/\/levelupsport.pl\/wp-content\/uploads\/2025\/03\/Green-Modern-Football-Tournament-Poster-scaled.jpg 1829w\" sizes=\"(max-width: 731px) 100vw, 731px\" \/>\t\t\t\t\t\t\t\t\t\t\t\t\t\t\t<\/div>\n\t\t\t\t<\/div>\n\t\t\t\t\t<\/div>\n\t\t<\/div>\n\t\t\t\t\t\t\t<\/div>\n\t\t<\/section>\n\t\t\t\t\t\t\t<\/div>\n\t\t","protected":false},"excerpt":{"rendered":"<p>FUN KIDS CUP &#8211; 2025 31.05.2025 r. &#8211; rocznik 2015\u00a0\u00a0poziom podstawowy (8:00-13:00), poziom zaawansowany (13:00-18:00) 14.06.2025 r. &#8211;\u00a0rocznik 2016\u00a0\u00a0poziom podstawowy (8:00-13:00), poziom zaawansowany (13:00-18:00) doskona\u0142a lokalizacja: Warszawa Ochota ul. Szcz\u0119\u015bliwicka 56 \u00a0na ka\u017cdym poziomie zaawansowania 10 dru\u017cyn (2 grupy po 5\u00a0 zespol\u00f3w) czas trwania meczu 20 minut (bez przerwy) mecze rozgrywane r\u00f3wnocze\u015bnie na dw\u00f3ch boiskach [&hellip;]<\/p>\n","protected":false},"author":1,"featured_media":0,"parent":1299,"menu_order":0,"comment_status":"closed","ping_status":"closed","template":"elementor_header_footer","meta":[],"_links":{"self":[{"href":"https:\/\/levelupsport.pl\/index.php\/wp-json\/wp\/v2\/pages\/1688"}],"collection":[{"href":"https:\/\/levelupsport.pl\/index.php\/wp-json\/wp\/v2\/pages"}],"about":[{"href":"https:\/\/levelupsport.pl\/index.php\/wp-json\/wp\/v2\/types\/page"}],"author":[{"embeddable":true,"href":"https:\/\/levelupsport.pl\/index.php\/wp-json\/wp\/v2\/users\/1"}],"replies":[{"embeddable":true,"href":"https:\/\/levelupsport.pl\/index.php\/wp-json\/wp\/v2\/comments?post=1688"}],"version-history":[{"count":20,"href":"https:\/\/levelupsport.pl\/index.php\/wp-json\/wp\/v2\/pages\/1688\/revisions"}],"predecessor-version":[{"id":1717,"href":"https:\/\/levelupsport.pl\/index.php\/wp-json\/wp\/v2\/pages\/1688\/revisions\/1717"}],"up":[{"embeddable":true,"href":"https:\/\/levelupsport.pl\/index.php\/wp-json\/wp\/v2\/pages\/1299"}],"wp:attachment":[{"href":"https:\/\/levelupsport.pl\/index.php\/wp-json\/wp\/v2\/media?parent=1688"}],"curies":[{"name":"wp","href":"https:\/\/api.w.org\/{rel}","templated":true}]}}