{"id":1470,"date":"2023-11-26T18:46:43","date_gmt":"2023-11-26T18:46:43","guid":{"rendered":"https:\/\/levelupsport.pl\/?page_id=1470"},"modified":"2023-11-26T18:49:41","modified_gmt":"2023-11-26T18:49:41","slug":"mikolajkowy-turniej-pilkarski-raszyn-2023","status":"publish","type":"page","link":"https:\/\/levelupsport.pl\/index.php\/mikolajkowy-turniej-pilkarski-raszyn-2023\/","title":{"rendered":"Miko\u0142ajkowy Turniej Pi\u0142karski &#8211; Raszyn 2023"},"content":{"rendered":"\t\t<div data-elementor-type=\"wp-page\" data-elementor-id=\"1470\" class=\"elementor elementor-1470\">\n\t\t\t\t\t\t\t\t\t<section class=\"elementor-section elementor-top-section elementor-element elementor-element-f404d5f elementor-section-boxed elementor-section-height-default elementor-section-height-default\" data-id=\"f404d5f\" data-element_type=\"section\">\n\t\t\t\t\t\t<div class=\"elementor-container elementor-column-gap-default\">\n\t\t\t\t\t<div class=\"elementor-column elementor-col-100 elementor-top-column elementor-element elementor-element-dff9c9a\" data-id=\"dff9c9a\" data-element_type=\"column\">\n\t\t\t<div class=\"elementor-widget-wrap elementor-element-populated\">\n\t\t\t\t\t\t\t\t<section class=\"elementor-section elementor-inner-section elementor-element elementor-element-46d6148 elementor-section-boxed elementor-section-height-default elementor-section-height-default\" data-id=\"46d6148\" data-element_type=\"section\">\n\t\t\t\t\t\t<div class=\"elementor-container elementor-column-gap-default\">\n\t\t\t\t\t<div class=\"elementor-column elementor-col-100 elementor-inner-column elementor-element elementor-element-13d1191\" data-id=\"13d1191\" data-element_type=\"column\">\n\t\t\t<div class=\"elementor-widget-wrap elementor-element-populated\">\n\t\t\t\t\t\t\t\t<div class=\"elementor-element elementor-element-a6fc812 elementor-widget__width-inherit elementor-widget elementor-widget-text-editor\" data-id=\"a6fc812\" data-element_type=\"widget\" data-widget_type=\"text-editor.default\">\n\t\t\t\t<div class=\"elementor-widget-container\">\n\t\t\t<style>\/*! elementor - v3.7.0 - 08-08-2022 *\/\n.elementor-widget-text-editor.elementor-drop-cap-view-stacked .elementor-drop-cap{background-color:#818a91;color:#fff}.elementor-widget-text-editor.elementor-drop-cap-view-framed .elementor-drop-cap{color:#818a91;border:3px solid;background-color:transparent}.elementor-widget-text-editor:not(.elementor-drop-cap-view-default) .elementor-drop-cap{margin-top:8px}.elementor-widget-text-editor:not(.elementor-drop-cap-view-default) .elementor-drop-cap-letter{width:1em;height:1em}.elementor-widget-text-editor .elementor-drop-cap{float:left;text-align:center;line-height:1;font-size:50px}.elementor-widget-text-editor .elementor-drop-cap-letter{display:inline-block}<\/style>\t\t\t\t<p style=\"text-align: center;\"><br><\/p><p style=\"text-align: center;\">Zapraszamy na kolejn\u0105 edycj\u0119 Miko\u0142ajkowego Turnieju Pi\u0142ki No\u017cnej.&nbsp;<\/p>\n<p style=\"text-align: center;\">Tym razem zapraszamy ch\u0142opc\u00f3w i dziewczynki z rocznik\u00f3w 2016, 2015 oraz 2014. Szczeg\u00f3\u0142owe informacje znajduj\u0105 si\u0119 na plakacie, zapraszamy do kontaktu.<\/p>\t\t\t\t\t\t<\/div>\n\t\t\t\t<\/div>\n\t\t\t\t\t<\/div>\n\t\t<\/div>\n\t\t\t\t\t\t\t<\/div>\n\t\t<\/section>\n\t\t\t\t\t<\/div>\n\t\t<\/div>\n\t\t\t\t\t\t\t<\/div>\n\t\t<\/section>\n\t\t\t\t<section class=\"elementor-section elementor-top-section elementor-element elementor-element-f20715b elementor-section-boxed elementor-section-height-default elementor-section-height-default\" data-id=\"f20715b\" data-element_type=\"section\">\n\t\t\t\t\t\t<div class=\"elementor-container elementor-column-gap-default\">\n\t\t\t\t\t<div class=\"elementor-column elementor-col-100 elementor-top-column elementor-element elementor-element-e05deba\" data-id=\"e05deba\" data-element_type=\"column\">\n\t\t\t<div class=\"elementor-widget-wrap elementor-element-populated\">\n\t\t\t\t\t\t\t\t<div class=\"elementor-element elementor-element-7707e05 elementor-widget elementor-widget-image\" data-id=\"7707e05\" data-element_type=\"widget\" data-widget_type=\"image.default\">\n\t\t\t\t<div class=\"elementor-widget-container\">\n\t\t\t<style>\/*! elementor - v3.7.0 - 08-08-2022 *\/\n.elementor-widget-image{text-align:center}.elementor-widget-image a{display:inline-block}.elementor-widget-image a img[src$=\".svg\"]{width:48px}.elementor-widget-image img{vertical-align:middle;display:inline-block}<\/style>\t\t\t\t\t\t\t\t\t\t\t\t<img width=\"724\" height=\"1024\" src=\"https:\/\/levelupsport.pl\/wp-content\/uploads\/2023\/11\/Turniej-3.12-724x1024.png\" class=\"attachment-large size-large\" alt=\"\" loading=\"lazy\" srcset=\"https:\/\/levelupsport.pl\/wp-content\/uploads\/2023\/11\/Turniej-3.12-724x1024.png 724w, https:\/\/levelupsport.pl\/wp-content\/uploads\/2023\/11\/Turniej-3.12-212x300.png 212w, https:\/\/levelupsport.pl\/wp-content\/uploads\/2023\/11\/Turniej-3.12-768x1086.png 768w, https:\/\/levelupsport.pl\/wp-content\/uploads\/2023\/11\/Turniej-3.12-1086x1536.png 1086w, https:\/\/levelupsport.pl\/wp-content\/uploads\/2023\/11\/Turniej-3.12-1448x2048.png 1448w, https:\/\/levelupsport.pl\/wp-content\/uploads\/2023\/11\/Turniej-3.12.png 1587w\" sizes=\"(max-width: 724px) 100vw, 724px\" \/>\t\t\t\t\t\t\t\t\t\t\t\t\t\t\t<\/div>\n\t\t\t\t<\/div>\n\t\t\t\t\t<\/div>\n\t\t<\/div>\n\t\t\t\t\t\t\t<\/div>\n\t\t<\/section>\n\t\t\t\t\t\t\t<\/div>\n\t\t","protected":false},"excerpt":{"rendered":"<p>Zapraszamy na kolejn\u0105 edycj\u0119 Miko\u0142ajkowego Turnieju Pi\u0142ki No\u017cnej.&nbsp; Tym razem zapraszamy ch\u0142opc\u00f3w i dziewczynki z rocznik\u00f3w 2016, 2015 oraz 2014. Szczeg\u00f3\u0142owe informacje znajduj\u0105 si\u0119 na plakacie, zapraszamy do kontaktu.<\/p>\n","protected":false},"author":1,"featured_media":0,"parent":0,"menu_order":0,"comment_status":"closed","ping_status":"closed","template":"elementor_header_footer","meta":[],"_links":{"self":[{"href":"https:\/\/levelupsport.pl\/index.php\/wp-json\/wp\/v2\/pages\/1470"}],"collection":[{"href":"https:\/\/levelupsport.pl\/index.php\/wp-json\/wp\/v2\/pages"}],"about":[{"href":"https:\/\/levelupsport.pl\/index.php\/wp-json\/wp\/v2\/types\/page"}],"author":[{"embeddable":true,"href":"https:\/\/levelupsport.pl\/index.php\/wp-json\/wp\/v2\/users\/1"}],"replies":[{"embeddable":true,"href":"https:\/\/levelupsport.pl\/index.php\/wp-json\/wp\/v2\/comments?post=1470"}],"version-history":[{"count":11,"href":"https:\/\/levelupsport.pl\/index.php\/wp-json\/wp\/v2\/pages\/1470\/revisions"}],"predecessor-version":[{"id":1482,"href":"https:\/\/levelupsport.pl\/index.php\/wp-json\/wp\/v2\/pages\/1470\/revisions\/1482"}],"wp:attachment":[{"href":"https:\/\/levelupsport.pl\/index.php\/wp-json\/wp\/v2\/media?parent=1470"}],"curies":[{"name":"wp","href":"https:\/\/api.w.org\/{rel}","templated":true}]}}