{"id":1323,"date":"2023-04-26T11:35:40","date_gmt":"2023-04-26T11:35:40","guid":{"rendered":"https:\/\/levelupsport.pl\/?page_id=1323"},"modified":"2023-04-26T11:46:13","modified_gmt":"2023-04-26T11:46:13","slug":"mistrzowie-futbolu","status":"publish","type":"page","link":"https:\/\/levelupsport.pl\/index.php\/mistrzowie-futbolu\/","title":{"rendered":"Mistrzowie Futbolu"},"content":{"rendered":"\t\t<div data-elementor-type=\"wp-page\" data-elementor-id=\"1323\" class=\"elementor elementor-1323\">\n\t\t\t\t\t\t\t\t\t<section class=\"elementor-section elementor-top-section elementor-element elementor-element-2d2ebe8 elementor-section-boxed elementor-section-height-default elementor-section-height-default\" data-id=\"2d2ebe8\" data-element_type=\"section\">\n\t\t\t\t\t\t<div class=\"elementor-container elementor-column-gap-default\">\n\t\t\t\t\t<div class=\"elementor-column elementor-col-50 elementor-top-column elementor-element elementor-element-c3ec457\" data-id=\"c3ec457\" data-element_type=\"column\">\n\t\t\t<div class=\"elementor-widget-wrap elementor-element-populated\">\n\t\t\t\t\t\t\t\t<div class=\"elementor-element elementor-element-1de11d2 elementor-widget elementor-widget-image\" data-id=\"1de11d2\" data-element_type=\"widget\" data-widget_type=\"image.default\">\n\t\t\t\t<div class=\"elementor-widget-container\">\n\t\t\t<style>\/*! elementor - v3.7.0 - 08-08-2022 *\/\n.elementor-widget-image{text-align:center}.elementor-widget-image a{display:inline-block}.elementor-widget-image a img[src$=\".svg\"]{width:48px}.elementor-widget-image img{vertical-align:middle;display:inline-block}<\/style>\t\t\t\t\t\t\t\t\t\t\t\t<img width=\"1024\" height=\"581\" src=\"https:\/\/levelupsport.pl\/wp-content\/uploads\/2023\/04\/football-g8309efd7f_1920-1024x581.jpg\" class=\"attachment-large size-large\" alt=\"p\u00f3\u0142kolonie, warszawa, pi\u0142ka no\u017cna, dzieci, rado\u015b\u0107, zabawa\" loading=\"lazy\" srcset=\"https:\/\/levelupsport.pl\/wp-content\/uploads\/2023\/04\/football-g8309efd7f_1920-1024x581.jpg 1024w, https:\/\/levelupsport.pl\/wp-content\/uploads\/2023\/04\/football-g8309efd7f_1920-300x170.jpg 300w, https:\/\/levelupsport.pl\/wp-content\/uploads\/2023\/04\/football-g8309efd7f_1920-768x436.jpg 768w, https:\/\/levelupsport.pl\/wp-content\/uploads\/2023\/04\/football-g8309efd7f_1920-1536x871.jpg 1536w, https:\/\/levelupsport.pl\/wp-content\/uploads\/2023\/04\/football-g8309efd7f_1920.jpg 1920w\" sizes=\"(max-width: 1024px) 100vw, 1024px\" \/>\t\t\t\t\t\t\t\t\t\t\t\t\t\t\t<\/div>\n\t\t\t\t<\/div>\n\t\t\t\t\t<\/div>\n\t\t<\/div>\n\t\t\t\t<div class=\"elementor-column elementor-col-50 elementor-top-column elementor-element elementor-element-0a84344\" data-id=\"0a84344\" data-element_type=\"column\">\n\t\t\t<div class=\"elementor-widget-wrap elementor-element-populated\">\n\t\t\t\t\t\t\t\t<div class=\"elementor-element elementor-element-9b8d214 elementor-widget elementor-widget-text-editor\" data-id=\"9b8d214\" data-element_type=\"widget\" data-widget_type=\"text-editor.default\">\n\t\t\t\t<div class=\"elementor-widget-container\">\n\t\t\t<style>\/*! elementor - v3.7.0 - 08-08-2022 *\/\n.elementor-widget-text-editor.elementor-drop-cap-view-stacked .elementor-drop-cap{background-color:#818a91;color:#fff}.elementor-widget-text-editor.elementor-drop-cap-view-framed .elementor-drop-cap{color:#818a91;border:3px solid;background-color:transparent}.elementor-widget-text-editor:not(.elementor-drop-cap-view-default) .elementor-drop-cap{margin-top:8px}.elementor-widget-text-editor:not(.elementor-drop-cap-view-default) .elementor-drop-cap-letter{width:1em;height:1em}.elementor-widget-text-editor .elementor-drop-cap{float:left;text-align:center;line-height:1;font-size:50px}.elementor-widget-text-editor .elementor-drop-cap-letter{display:inline-block}<\/style>\t\t\t\t<p><span style=\"color: #ff0000;\"><b><u>Mi<\/u><\/b><b><u>strzowie Futbolu<\/u><\/b><\/span> &#8211; jest to do grupa skierowana do pasjonat\u00f3w aktywnego trybu \u017cycia. Je\u017celi nie mo\u017cesz wysiedzie\u0107 w miejscu, kochasz ruch i dodatkowo lubisz gra\u0107 w pi\u0142k\u0119 no\u017cn\u0105 odnajdziesz si\u0119 tutaj w 100%. Poza zaj\u0119ciami stricte pi\u0142karskimi wprowadzamy te\u017c elementy gimnastyki korekcyjnej, wyj\u015bcia na basen, do parku trampolin, a tak\u017ce mn\u00f3stwo pospolitych gier i zabaw &#8222;podw\u00f3rkowych&#8221; na \u015bwie\u017cym powietrzu. Podzia\u0142 wiekowy (6-9 lat oraz 10-12 lat) u\u0142atwi odnalezienie nowych przyja\u017ani w\u015br\u00f3d r\u00f3wie\u015bnik\u00f3w i zapewni odpowiedni komfort podczas zaj\u0119\u0107.<\/p>\t\t\t\t\t\t<\/div>\n\t\t\t\t<\/div>\n\t\t\t\t\t<\/div>\n\t\t<\/div>\n\t\t\t\t\t\t\t<\/div>\n\t\t<\/section>\n\t\t\t\t\t\t\t<\/div>\n\t\t","protected":false},"excerpt":{"rendered":"<p>Mistrzowie Futbolu &#8211; jest to do grupa skierowana do pasjonat\u00f3w aktywnego trybu \u017cycia. Je\u017celi nie mo\u017cesz wysiedzie\u0107 w miejscu, kochasz ruch i dodatkowo lubisz gra\u0107 w pi\u0142k\u0119 no\u017cn\u0105 odnajdziesz si\u0119 tutaj w 100%. Poza zaj\u0119ciami stricte pi\u0142karskimi wprowadzamy te\u017c elementy gimnastyki korekcyjnej, wyj\u015bcia na basen, do parku trampolin, a tak\u017ce mn\u00f3stwo pospolitych gier i zabaw [&hellip;]<\/p>\n","protected":false},"author":1,"featured_media":0,"parent":0,"menu_order":0,"comment_status":"closed","ping_status":"closed","template":"elementor_header_footer","meta":[],"_links":{"self":[{"href":"https:\/\/levelupsport.pl\/index.php\/wp-json\/wp\/v2\/pages\/1323"}],"collection":[{"href":"https:\/\/levelupsport.pl\/index.php\/wp-json\/wp\/v2\/pages"}],"about":[{"href":"https:\/\/levelupsport.pl\/index.php\/wp-json\/wp\/v2\/types\/page"}],"author":[{"embeddable":true,"href":"https:\/\/levelupsport.pl\/index.php\/wp-json\/wp\/v2\/users\/1"}],"replies":[{"embeddable":true,"href":"https:\/\/levelupsport.pl\/index.php\/wp-json\/wp\/v2\/comments?post=1323"}],"version-history":[{"count":4,"href":"https:\/\/levelupsport.pl\/index.php\/wp-json\/wp\/v2\/pages\/1323\/revisions"}],"predecessor-version":[{"id":1328,"href":"https:\/\/levelupsport.pl\/index.php\/wp-json\/wp\/v2\/pages\/1323\/revisions\/1328"}],"wp:attachment":[{"href":"https:\/\/levelupsport.pl\/index.php\/wp-json\/wp\/v2\/media?parent=1323"}],"curies":[{"name":"wp","href":"https:\/\/api.w.org\/{rel}","templated":true}]}}