{"id":1267,"date":"2023-03-21T16:24:00","date_gmt":"2023-03-21T16:24:00","guid":{"rendered":"https:\/\/levelupsport.pl\/?page_id=1267"},"modified":"2023-05-08T15:06:18","modified_gmt":"2023-05-08T15:06:18","slug":"1267-2","status":"publish","type":"page","link":"https:\/\/levelupsport.pl\/index.php\/1267-2\/","title":{"rendered":"Dance &#038; Fun"},"content":{"rendered":"\t\t<div data-elementor-type=\"wp-page\" data-elementor-id=\"1267\" class=\"elementor elementor-1267\">\n\t\t\t\t\t\t\t\t\t<section class=\"elementor-section elementor-top-section elementor-element elementor-element-e3556e9 elementor-section-boxed elementor-section-height-default elementor-section-height-default\" data-id=\"e3556e9\" data-element_type=\"section\">\n\t\t\t\t\t\t<div class=\"elementor-container elementor-column-gap-default\">\n\t\t\t\t\t<div class=\"elementor-column elementor-col-50 elementor-top-column elementor-element elementor-element-f7d173d\" data-id=\"f7d173d\" data-element_type=\"column\">\n\t\t\t<div class=\"elementor-widget-wrap elementor-element-populated\">\n\t\t\t\t\t\t\t\t<div class=\"elementor-element elementor-element-60abdb6 elementor-widget elementor-widget-text-editor\" data-id=\"60abdb6\" data-element_type=\"widget\" data-widget_type=\"text-editor.default\">\n\t\t\t\t<div class=\"elementor-widget-container\">\n\t\t\t<style>\/*! elementor - v3.7.0 - 08-08-2022 *\/\n.elementor-widget-text-editor.elementor-drop-cap-view-stacked .elementor-drop-cap{background-color:#818a91;color:#fff}.elementor-widget-text-editor.elementor-drop-cap-view-framed .elementor-drop-cap{color:#818a91;border:3px solid;background-color:transparent}.elementor-widget-text-editor:not(.elementor-drop-cap-view-default) .elementor-drop-cap{margin-top:8px}.elementor-widget-text-editor:not(.elementor-drop-cap-view-default) .elementor-drop-cap-letter{width:1em;height:1em}.elementor-widget-text-editor .elementor-drop-cap{float:left;text-align:center;line-height:1;font-size:50px}.elementor-widget-text-editor .elementor-drop-cap-letter{display:inline-block}<\/style>\t\t\t\t<p style=\"text-align: center;\"><span style=\"color: #993300;\"><strong>Dance&amp;Fun<\/strong><\/span> to zaj\u0119cia dla dzieci w wieku 7 \u2013 10 lat . Jest to grupa, w kt\u00f3rej lubimy sp\u0119dza\u0107 aktywnie czas. Taniec i muzyka jest nasz\u0105 pasj\u0105, dlatego tutaj b\u0119dziemy uczy\u0107 si\u0119 opanowywa\u0107 mow\u0119 naszego cia\u0142a.<\/p><p style=\"text-align: center;\">Podczas tych pi\u0119ciu dni ka\u017cdy b\u0119dzie mie\u0107 okazj\u0119 do poznania \u0107wicze\u0144 rozwijaj\u0105cych nasze cia\u0142a, troch\u0119 izolacji, \u0107wicze\u0144 poprawiaj\u0105cych gibko\u015b\u0107 cia\u0142a, zwinno\u015b\u0107 i p\u0142ynno\u015b\u0107 ruchow\u0105. Zaj\u0119cia b\u0119d\u0105 rozwija\u0107 poczucie rytmu u dzieci oraz s\u0142uch muzyczny.<br \/><span style=\"font-size: 15px;\">W tej grupie z pewno\u015bci\u0105 nie zabraknie dobrej zabawy, rado\u015bci i u\u015bmiechu na twarzy. Postaramy si\u0119 stworzy\u0107 wsp\u00f3ln\u0105 choreografi\u0119 wykorzystuj\u0105c ekspresj\u0119 ka\u017cdego dzieciaka.<\/span><\/p><p style=\"text-align: center;\">Zaj\u0119cia ruchowe b\u0119d\u0105 przeplatane z wyj\u015bciami do parku trampolin, basen lub muzeum.<\/p>\t\t\t\t\t\t<\/div>\n\t\t\t\t<\/div>\n\t\t\t\t\t<\/div>\n\t\t<\/div>\n\t\t\t\t<div class=\"elementor-column elementor-col-50 elementor-top-column elementor-element elementor-element-f3f8a76\" data-id=\"f3f8a76\" data-element_type=\"column\">\n\t\t\t<div class=\"elementor-widget-wrap elementor-element-populated\">\n\t\t\t\t\t\t\t\t<div class=\"elementor-element elementor-element-b1e9d2e elementor-widget elementor-widget-image\" data-id=\"b1e9d2e\" data-element_type=\"widget\" data-widget_type=\"image.default\">\n\t\t\t\t<div class=\"elementor-widget-container\">\n\t\t\t<style>\/*! elementor - v3.7.0 - 08-08-2022 *\/\n.elementor-widget-image{text-align:center}.elementor-widget-image a{display:inline-block}.elementor-widget-image a img[src$=\".svg\"]{width:48px}.elementor-widget-image img{vertical-align:middle;display:inline-block}<\/style>\t\t\t\t\t\t\t\t\t\t\t\t<img src=\"https:\/\/levelupsport.pl\/wp-content\/uploads\/2023\/03\/336636233_610078633893250_7814488721214146399_n.jpg\" title=\"\" alt=\"\" \/>\t\t\t\t\t\t\t\t\t\t\t\t\t\t\t<\/div>\n\t\t\t\t<\/div>\n\t\t\t\t\t<\/div>\n\t\t<\/div>\n\t\t\t\t\t\t\t<\/div>\n\t\t<\/section>\n\t\t\t\t\t\t\t<\/div>\n\t\t","protected":false},"excerpt":{"rendered":"<p>Dance&amp;Fun to zaj\u0119cia dla dzieci w wieku 7 \u2013 10 lat . Jest to grupa, w kt\u00f3rej lubimy sp\u0119dza\u0107 aktywnie czas. Taniec i muzyka jest nasz\u0105 pasj\u0105, dlatego tutaj b\u0119dziemy uczy\u0107 si\u0119 opanowywa\u0107 mow\u0119 naszego cia\u0142a. Podczas tych pi\u0119ciu dni ka\u017cdy b\u0119dzie mie\u0107 okazj\u0119 do poznania \u0107wicze\u0144 rozwijaj\u0105cych nasze cia\u0142a, troch\u0119 izolacji, \u0107wicze\u0144 poprawiaj\u0105cych gibko\u015b\u0107 [&hellip;]<\/p>\n","protected":false},"author":1,"featured_media":0,"parent":0,"menu_order":0,"comment_status":"closed","ping_status":"closed","template":"elementor_header_footer","meta":[],"_links":{"self":[{"href":"https:\/\/levelupsport.pl\/index.php\/wp-json\/wp\/v2\/pages\/1267"}],"collection":[{"href":"https:\/\/levelupsport.pl\/index.php\/wp-json\/wp\/v2\/pages"}],"about":[{"href":"https:\/\/levelupsport.pl\/index.php\/wp-json\/wp\/v2\/types\/page"}],"author":[{"embeddable":true,"href":"https:\/\/levelupsport.pl\/index.php\/wp-json\/wp\/v2\/users\/1"}],"replies":[{"embeddable":true,"href":"https:\/\/levelupsport.pl\/index.php\/wp-json\/wp\/v2\/comments?post=1267"}],"version-history":[{"count":16,"href":"https:\/\/levelupsport.pl\/index.php\/wp-json\/wp\/v2\/pages\/1267\/revisions"}],"predecessor-version":[{"id":1342,"href":"https:\/\/levelupsport.pl\/index.php\/wp-json\/wp\/v2\/pages\/1267\/revisions\/1342"}],"wp:attachment":[{"href":"https:\/\/levelupsport.pl\/index.php\/wp-json\/wp\/v2\/media?parent=1267"}],"curies":[{"name":"wp","href":"https:\/\/api.w.org\/{rel}","templated":true}]}}