{"id":1252,"date":"2023-03-21T15:59:21","date_gmt":"2023-03-21T15:59:21","guid":{"rendered":"https:\/\/levelupsport.pl\/?page_id=1252"},"modified":"2023-05-08T15:05:09","modified_gmt":"2023-05-08T15:05:09","slug":"mlody-einstein","status":"publish","type":"page","link":"https:\/\/levelupsport.pl\/index.php\/mlody-einstein\/","title":{"rendered":"M\u0142ody Einstein"},"content":{"rendered":"\t\t<div data-elementor-type=\"wp-page\" data-elementor-id=\"1252\" class=\"elementor elementor-1252\">\n\t\t\t\t\t\t\t\t\t<section class=\"elementor-section elementor-top-section elementor-element elementor-element-540722bb elementor-section-boxed elementor-section-height-default elementor-section-height-default\" data-id=\"540722bb\" data-element_type=\"section\">\n\t\t\t\t\t\t<div class=\"elementor-container elementor-column-gap-default\">\n\t\t\t\t\t<div class=\"elementor-column elementor-col-100 elementor-top-column elementor-element elementor-element-30aaf9df\" data-id=\"30aaf9df\" data-element_type=\"column\">\n\t\t\t<div class=\"elementor-widget-wrap elementor-element-populated\">\n\t\t\t\t\t\t\t\t<div class=\"elementor-element elementor-element-2b30206 elementor-widget elementor-widget-text-editor\" data-id=\"2b30206\" data-element_type=\"widget\" data-widget_type=\"text-editor.default\">\n\t\t\t\t<div class=\"elementor-widget-container\">\n\t\t\t<style>\/*! elementor - v3.7.0 - 08-08-2022 *\/\n.elementor-widget-text-editor.elementor-drop-cap-view-stacked .elementor-drop-cap{background-color:#818a91;color:#fff}.elementor-widget-text-editor.elementor-drop-cap-view-framed .elementor-drop-cap{color:#818a91;border:3px solid;background-color:transparent}.elementor-widget-text-editor:not(.elementor-drop-cap-view-default) .elementor-drop-cap{margin-top:8px}.elementor-widget-text-editor:not(.elementor-drop-cap-view-default) .elementor-drop-cap-letter{width:1em;height:1em}.elementor-widget-text-editor .elementor-drop-cap{float:left;text-align:center;line-height:1;font-size:50px}.elementor-widget-text-editor .elementor-drop-cap-letter{display:inline-block}<\/style>\t\t\t\t<!-- wp:columns -->\n<div class=\"wp-block-columns\"><!-- wp:column -->\n<div class=\"wp-block-column\"><!-- wp:freeform \/--><\/div>\n<!-- \/wp:column --><\/div>\n<!-- \/wp:columns -->\t\t\t\t\t\t<\/div>\n\t\t\t\t<\/div>\n\t\t\t\t\t<\/div>\n\t\t<\/div>\n\t\t\t\t\t\t\t<\/div>\n\t\t<\/section>\n\t\t\t\t<section class=\"elementor-section elementor-top-section elementor-element elementor-element-1b1a7db elementor-section-boxed elementor-section-height-default elementor-section-height-default\" data-id=\"1b1a7db\" data-element_type=\"section\">\n\t\t\t\t\t\t<div class=\"elementor-container elementor-column-gap-default\">\n\t\t\t\t\t<div class=\"elementor-column elementor-col-50 elementor-top-column elementor-element elementor-element-eb5191d\" data-id=\"eb5191d\" data-element_type=\"column\">\n\t\t\t<div class=\"elementor-widget-wrap elementor-element-populated\">\n\t\t\t\t\t\t\t\t<div class=\"elementor-element elementor-element-4e2f50f elementor-widget elementor-widget-image\" data-id=\"4e2f50f\" data-element_type=\"widget\" data-widget_type=\"image.default\">\n\t\t\t\t<div class=\"elementor-widget-container\">\n\t\t\t<style>\/*! elementor - v3.7.0 - 08-08-2022 *\/\n.elementor-widget-image{text-align:center}.elementor-widget-image a{display:inline-block}.elementor-widget-image a img[src$=\".svg\"]{width:48px}.elementor-widget-image img{vertical-align:middle;display:inline-block}<\/style>\t\t\t\t\t\t\t\t\t\t\t\t<img width=\"612\" height=\"452\" src=\"https:\/\/levelupsport.pl\/wp-content\/uploads\/2023\/03\/336611822_101825062868253_3690991445905787514_n.jpg\" class=\"attachment-large size-large\" alt=\"P\u00f3\u0142kolonie, Lato 2023, Dzieci, Wakacje, Warszawa\" loading=\"lazy\" srcset=\"https:\/\/levelupsport.pl\/wp-content\/uploads\/2023\/03\/336611822_101825062868253_3690991445905787514_n.jpg 612w, https:\/\/levelupsport.pl\/wp-content\/uploads\/2023\/03\/336611822_101825062868253_3690991445905787514_n-300x222.jpg 300w\" sizes=\"(max-width: 612px) 100vw, 612px\" \/>\t\t\t\t\t\t\t\t\t\t\t\t\t\t\t<\/div>\n\t\t\t\t<\/div>\n\t\t\t\t\t<\/div>\n\t\t<\/div>\n\t\t\t\t<div class=\"elementor-column elementor-col-50 elementor-top-column elementor-element elementor-element-7501d1f\" data-id=\"7501d1f\" data-element_type=\"column\">\n\t\t\t<div class=\"elementor-widget-wrap elementor-element-populated\">\n\t\t\t\t\t\t\t\t<div class=\"elementor-element elementor-element-1d41ca7 elementor-widget elementor-widget-text-editor\" data-id=\"1d41ca7\" data-element_type=\"widget\" data-widget_type=\"text-editor.default\">\n\t\t\t\t<div class=\"elementor-widget-container\">\n\t\t\t\t\t\t\t<p style=\"text-align: center;\">M\u0142ody Einstein to zaj\u0119cia dla dzieci w wieku 8 \u2013 11 lat. Poprzez kreatywne zabawy i gry dzieci b\u0119d\u0105 mog\u0142y pozna\u0107 tajniki nauk \u015bcis\u0142ych.<br \/><br \/>Ka\u017cdy uczestnik stworzy swoj\u0105 w\u0142asn\u0105 wag\u0119 szalkow\u0105 oraz samoch\u00f3d odrzutowy, m\u0142odzi naukowcy b\u0119d\u0105 poznawa\u0107 r\u00f3\u017cne metody wa\u017cenia oraz mierzenia. Dzieci zobacz\u0105 co ciekawego kryje w sobie las oraz b\u0119d\u0105 wykonywa\u0107 ciekawe eksperymenty fizyczne i chemiczne, zobacz\u0105 t\u0119cz\u0119 w szklane, lewituj\u0105ce jajko czy te\u017c uciekaj\u0105cy pieprz.<br \/><br \/>Ka\u017cdy uczestnik b\u0119dzie m\u00f3g\u0142 rozwija\u0107 swoj\u0105 wyobra\u017ani\u0119 tworz\u0105c sw\u00f3j pierwszy tangram oraz origami. Dzieci b\u0119d\u0105 mog\u0142y pozna\u0107 metody szyfrowania i kodowania. Same b\u0119d\u0105 mog\u0142y rozwi\u0105za\u0107 wielk\u0105 zagadk\u0119 Einsteina pr\u00f3buj\u0105c wydosta\u0107 si\u0119 z pokoju zagadek \u2013 Twierdzy Szyfr\u00f3w.<\/p>\n<h3 style=\"text-align: center;\"><span style=\"color: #993366;\">Gwarantujemy niezapomniane przygody z naukowcem Einsteinem.<\/span><\/h3>\t\t\t\t\t\t<\/div>\n\t\t\t\t<\/div>\n\t\t\t\t\t<\/div>\n\t\t<\/div>\n\t\t\t\t\t\t\t<\/div>\n\t\t<\/section>\n\t\t\t\t\t\t\t<\/div>\n\t\t","protected":false},"excerpt":{"rendered":"<p>M\u0142ody Einstein to zaj\u0119cia dla dzieci w wieku 8 \u2013 11 lat. Poprzez kreatywne zabawy i gry dzieci b\u0119d\u0105 mog\u0142y pozna\u0107 tajniki nauk \u015bcis\u0142ych. Ka\u017cdy uczestnik stworzy swoj\u0105 w\u0142asn\u0105 wag\u0119 szalkow\u0105 oraz samoch\u00f3d odrzutowy, m\u0142odzi naukowcy b\u0119d\u0105 poznawa\u0107 r\u00f3\u017cne metody wa\u017cenia oraz mierzenia. Dzieci zobacz\u0105 co ciekawego kryje w sobie las oraz b\u0119d\u0105 wykonywa\u0107 ciekawe [&hellip;]<\/p>\n","protected":false},"author":1,"featured_media":0,"parent":0,"menu_order":0,"comment_status":"closed","ping_status":"closed","template":"elementor_header_footer","meta":[],"_links":{"self":[{"href":"https:\/\/levelupsport.pl\/index.php\/wp-json\/wp\/v2\/pages\/1252"}],"collection":[{"href":"https:\/\/levelupsport.pl\/index.php\/wp-json\/wp\/v2\/pages"}],"about":[{"href":"https:\/\/levelupsport.pl\/index.php\/wp-json\/wp\/v2\/types\/page"}],"author":[{"embeddable":true,"href":"https:\/\/levelupsport.pl\/index.php\/wp-json\/wp\/v2\/users\/1"}],"replies":[{"embeddable":true,"href":"https:\/\/levelupsport.pl\/index.php\/wp-json\/wp\/v2\/comments?post=1252"}],"version-history":[{"count":10,"href":"https:\/\/levelupsport.pl\/index.php\/wp-json\/wp\/v2\/pages\/1252\/revisions"}],"predecessor-version":[{"id":1339,"href":"https:\/\/levelupsport.pl\/index.php\/wp-json\/wp\/v2\/pages\/1252\/revisions\/1339"}],"wp:attachment":[{"href":"https:\/\/levelupsport.pl\/index.php\/wp-json\/wp\/v2\/media?parent=1252"}],"curies":[{"name":"wp","href":"https:\/\/api.w.org\/{rel}","templated":true}]}}