{"id":1156,"date":"2023-02-22T16:12:22","date_gmt":"2023-02-22T16:12:22","guid":{"rendered":"https:\/\/levelupsport.pl\/?page_id=1156"},"modified":"2025-03-31T20:29:11","modified_gmt":"2025-03-31T20:29:11","slug":"turniej-halowy-marzec-2023","status":"publish","type":"page","link":"https:\/\/levelupsport.pl\/index.php\/turniej-halowy-marzec-2023\/","title":{"rendered":"Turniej halowy &#8211; marzec 2023"},"content":{"rendered":"<style>\/*! elementor - v3.7.0 - 08-08-2022 *\/<br \/>\n.elementor-heading-title{padding:0;margin:0;line-height:1}.elementor-widget-heading .elementor-heading-title[class*=elementor-size-]>a{color:inherit;font-size:inherit;line-height:inherit}.elementor-widget-heading .elementor-heading-title.elementor-size-small{font-size:15px}.elementor-widget-heading .elementor-heading-title.elementor-size-medium{font-size:19px}.elementor-widget-heading .elementor-heading-title.elementor-size-large{font-size:29px}.elementor-widget-heading .elementor-heading-title.elementor-size-xl{font-size:39px}.elementor-widget-heading .elementor-heading-title.elementor-size-xxl{font-size:59px}<\/style>\n<h2>Halowy turniej pi\u0142ki no\u017cnej &#8211; marzec 2023<\/h2>\n<p style=\"text-align: center;\" align=\"center\">Serdecznie zapraszamy na kolejn\u0105 edycj\u0119 halowych turniej\u00f3w pi\u0142karskich organizowanych w <b>Centrum Sportu Raszyn<\/b>.&nbsp;<\/p>\n<p style=\"text-align: center;\" align=\"center\">Tym razem zagramy w pierwszy weekend marca 4-5.03.2023r. Poni\u017cej przedstawiamy pe\u0142ny harmonogram:<\/p>\n<p style=\"text-align: center;\" align=\"center\"><b>&#8211; 4.03.2023r. w godzinach od 8:00 do 14:00 \u2013 rocznik 2016\/17 <\/b>\u2013 poziom pocz\u0105tkuj\u0105cy, gramy bez klasyfikacji, ka\u017cdy z ka\u017cdym, 8 zespo\u0142\u00f3w \u2013 7 mecz\u00f3w dla ka\u017cdego zespo\u0142u, nagrody dla wszystkich uczestnik\u00f3w turnieju.<\/p>\n<p style=\"text-align: center;\" align=\"center\"><b>&#8211; 4.03.2023r. w godzinach od 14:00 do 20:00 \u2013 rocznik 2015<\/b>&nbsp;\u2013 poziom \u015brednio zaawanasowany, dwie grupy po 8 zespo\u0142\u00f3w, minimum 4 mecze dla ka\u017cdego zespo\u0142u, nagrody dla wszystkich uczestnik\u00f3w, puchary i dyplomy dla najlepszych dru\u017cyn.<\/p>\n<p style=\"text-align: center;\" align=\"center\"><b>&#8211; 5.03.2023r.&nbsp;<\/b>w godzinach od 8:00 do 14:00&nbsp;<b style=\"font-family: 'Times New Roman', serif; font-size: 15pt;\">\u2013 rocznik 2014<\/b>&nbsp;\u2013 poziom \u015brednio zaawanasowany, dwie grupy po 8 zespo\u0142\u00f3w, minimum 4 mecze dla ka\u017cdego zespo\u0142u, nagrody dla wszystkich uczestnik\u00f3w, puchary i dyplomy dla najlepszych dru\u017cyn.<\/p>\n<p style=\"text-align: center;\" align=\"center\"><b>&#8211; 11.12.2022r.&nbsp;<\/b>w godzinach od 14:00 do 20:00<b style=\"font-family: 'Times New Roman', serif; font-size: 15pt;\">&nbsp;\u2013 rocznik 2013<\/b>&nbsp;\u2013 poziom \u015brednio zaawanasowany, dwie grupy po 8 zespo\u0142\u00f3w, minimum 4 mecze dla ka\u017cdego zespo\u0142u, nagrody dla wszystkich uczestnik\u00f3w, puchary i dyplomy dla najlepszych dru\u017cyn.<\/p>\n<p style=\"text-align: center;\" align=\"center\">Mecze b\u0119d\u0105 rozgrywane w du\u017cej hali widowiskowo \u2013 sportowej z dost\u0119pem do trybun z 284 miejscami. Zespo\u0142y b\u0119d\u0105 gra\u0107 w formule 4+1, minimum 60 minut gry dla ka\u017cdego zespo\u0142u.<\/p>\n<p style=\"text-align: center;\" align=\"center\">Op\u0142ata za udzia\u0142 w turnieju wynosi 400 z\u0142 od zespo\u0142u.<\/p>\n<p style=\"text-align: center;\" align=\"center\">W naszej galerii mog\u0105 Pa\u0144stwo obejrze\u0107 zdj\u0119cia z poprzedniej edycji turnieju.<\/p>\n<p style=\"text-align: center;\" align=\"center\"><b>ZAPRASZAMY DO WSP\u00d3LNEJ ZABAWY !<\/b><\/p>\n<style>\/*! elementor-pro - v3.7.3 - 31-07-2022 *\/<br \/>\n.elementor-gallery__container{min-height:1px}.elementor-gallery-item{position:relative;overflow:hidden;display:block;text-decoration:none;border:solid var(--image-border-width) var(--image-border-color);border-radius:var(--image-border-radius)}.elementor-gallery-item__content,.elementor-gallery-item__overlay{height:100%;width:100%;position:absolute;top:0;left:0}.elementor-gallery-item__overlay{mix-blend-mode:var(--overlay-mix-blend-mode);-webkit-transition-duration:var(--overlay-transition-duration);-o-transition-duration:var(--overlay-transition-duration);transition-duration:var(--overlay-transition-duration);-webkit-transition-property:mix-blend-mode,opacity,background-color,-webkit-transform;transition-property:mix-blend-mode,opacity,background-color,-webkit-transform;-o-transition-property:mix-blend-mode,transform,opacity,background-color;transition-property:mix-blend-mode,transform,opacity,background-color;transition-property:mix-blend-mode,transform,opacity,background-color,-webkit-transform}.elementor-gallery-item__image.e-gallery-image{-webkit-transition-duration:var(--image-transition-duration);-o-transition-duration:var(--image-transition-duration);transition-duration:var(--image-transition-duration);-webkit-transition-property:-webkit-filter,-webkit-transform;transition-property:-webkit-filter,-webkit-transform;-o-transition-property:filter,transform;transition-property:filter,transform;transition-property:filter,transform,-webkit-filter,-webkit-transform}.elementor-gallery-item__content{display:-webkit-box;display:-ms-flexbox;display:flex;-webkit-box-orient:vertical;-webkit-box-direction:normal;-ms-flex-direction:column;flex-direction:column;-webkit-box-pack:var(--content-justify-content,center);-ms-flex-pack:var(--content-justify-content,center);justify-content:var(--content-justify-content,center);-webkit-box-align:center;-ms-flex-align:center;align-items:center;text-align:var(--content-text-align);padding:var(--content-padding)}.elementor-gallery-item__content>div{-webkit-transition-duration:var(--content-transition-duration);-o-transition-duration:var(--content-transition-duration);transition-duration:var(--content-transition-duration)}.elementor-gallery-item__content.elementor-gallery--sequenced-animation>div:nth-child(2){-webkit-transition-delay:calc(var(--content-transition-delay) \/ 3);-o-transition-delay:calc(var(--content-transition-delay) \/ 3);transition-delay:calc(var(--content-transition-delay) \/ 3)}.elementor-gallery-item__content.elementor-gallery--sequenced-animation>div:nth-child(3){-webkit-transition-delay:calc(var(--content-transition-delay) \/ 3 * 2);-o-transition-delay:calc(var(--content-transition-delay) \/ 3 * 2);transition-delay:calc(var(--content-transition-delay) \/ 3 * 2)}.elementor-gallery-item__content.elementor-gallery--sequenced-animation>div:nth-child(4){-webkit-transition-delay:calc(var(--content-transition-delay) \/ 3 * 3);-o-transition-delay:calc(var(--content-transition-delay) \/ 3 * 3);transition-delay:calc(var(--content-transition-delay) \/ 3 * 3)}.elementor-gallery-item__description{color:var(--description-text-color,#fff);width:100%}.elementor-gallery-item__title{color:var(--title-text-color,#fff);font-weight:700;width:100%}.elementor-gallery__titles-container{display:-webkit-box;display:-ms-flexbox;display:flex;-ms-flex-wrap:wrap;flex-wrap:wrap;-webkit-box-pack:var(--titles-container-justify-content,center);-ms-flex-pack:var(--titles-container-justify-content,center);justify-content:var(--titles-container-justify-content,center);margin-bottom:20px}.elementor-gallery__titles-container:not(.e--pointer-framed) .elementor-item:after,.elementor-gallery__titles-container:not(.e--pointer-framed) .elementor-item:before{background-color:var(--galleries-pointer-bg-color-hover)}.elementor-gallery__titles-container:not(.e--pointer-framed) .elementor-item.elementor-item-active:after,.elementor-gallery__titles-container:not(.e--pointer-framed) .elementor-item.elementor-item-active:before{background-color:var(--galleries-pointer-bg-color-active)}.elementor-gallery__titles-container.e--pointer-framed .elementor-item:before{border-color:var(--galleries-pointer-bg-color-hover);border-width:var(--galleries-pointer-border-width)}.elementor-gallery__titles-container.e--pointer-framed .elementor-item:after{border-color:var(--galleries-pointer-bg-color-hover)}.elementor-gallery__titles-container.e--pointer-framed .elementor-item.elementor-item-active:after,.elementor-gallery__titles-container.e--pointer-framed .elementor-item.elementor-item-active:before{border-color:var(--galleries-pointer-bg-color-active)}.elementor-gallery__titles-container.e--pointer-framed.e--animation-draw .elementor-item:before{border-left-width:var(--galleries-pointer-border-width);border-bottom-width:var(--galleries-pointer-border-width);border-right-width:0;border-top-width:0}.elementor-gallery__titles-container.e--pointer-framed.e--animation-draw .elementor-item:after{border-left-width:0;border-bottom-width:0;border-right-width:var(--galleries-pointer-border-width);border-top-width:var(--galleries-pointer-border-width)}.elementor-gallery__titles-container.e--pointer-framed.e--animation-corners .elementor-item:before{border-left-width:var(--galleries-pointer-border-width);border-bottom-width:0;border-right-width:0;border-top-width:var(--galleries-pointer-border-width)}.elementor-gallery__titles-container.e--pointer-framed.e--animation-corners .elementor-item:after{border-left-width:0;border-bottom-width:var(--galleries-pointer-border-width);border-right-width:var(--galleries-pointer-border-width);border-top-width:0}.elementor-gallery__titles-container .e--pointer-double-line .elementor-item:after,.elementor-gallery__titles-container .e--pointer-double-line .elementor-item:before,.elementor-gallery__titles-container .e--pointer-overline .elementor-item:before,.elementor-gallery__titles-container .e--pointer-underline .elementor-item:after{height:var(--galleries-pointer-border-width)}.elementor-gallery-title{--space-between:10px;cursor:pointer;color:#6d7882;font-weight:500;position:relative;padding:7px 14px;-webkit-transition:all .3s;-o-transition:all .3s;transition:all .3s}.elementor-gallery-title--active{color:#495157}.elementor-gallery-title:not(:last-child){margin-right:var(--space-between)}.elementor-gallery-item__title+.elementor-gallery-item__description{margin-top:var(--description-margin-top)}.e-gallery-item.elementor-gallery-item{-webkit-transition-property:all;-o-transition-property:all;transition-property:all}.e-gallery-item.elementor-animated-content .elementor-animated-item--enter-from-bottom,.e-gallery-item.elementor-animated-content .elementor-animated-item--enter-from-left,.e-gallery-item.elementor-animated-content .elementor-animated-item--enter-from-right,.e-gallery-item.elementor-animated-content .elementor-animated-item--enter-from-top,.e-gallery-item:hover .elementor-gallery__item-overlay-bg,.e-gallery-item:hover .elementor-gallery__item-overlay-content,.e-gallery-item:hover .elementor-gallery__item-overlay-content__description,.e-gallery-item:hover .elementor-gallery__item-overlay-content__title{opacity:1}a.elementor-item.elementor-gallery-title{color:var(--galleries-title-color-normal)}a.elementor-item.elementor-gallery-title.elementor-item-active,a.elementor-item.elementor-gallery-title.highlighted,a.elementor-item.elementor-gallery-title:focus,a.elementor-item.elementor-gallery-title:hover{color:var(--galleries-title-color-hover)}a.elementor-item.elementor-gallery-title.elementor-item-active{color:var(--gallery-title-color-active)}.e-container .elementor-widget-gallery{-webkit-box-flex:1;-ms-flex-positive:1;flex-grow:1}.e-container>.elementor-widget-gallery{width:var(--container-widget-width,100%)}<\/style>\n<p>\t\t\t\t\t\t\t<a href=\"https:\/\/levelupsport.pl\/wp-content\/uploads\/2022\/08\/hala.jpg\" data-elementor-open-lightbox=\"yes\" data-elementor-lightbox-slideshow=\"all-c2279e1\" e-action-hash=\"#elementor-action%3Aaction%3Dlightbox%26settings%3DeyJpZCI6Nzg2LCJ1cmwiOiJodHRwczpcL1wvbGV2ZWx1cHNwb3J0LnBsXC93cC1jb250ZW50XC91cGxvYWRzXC8yMDIyXC8wOFwvaGFsYS5qcGciLCJzbGlkZXNob3ciOiJhbGwtYzIyNzllMSJ9\"><br \/>\n<\/a><br \/>\n<a href=\"https:\/\/levelupsport.pl\/wp-content\/uploads\/2022\/08\/halaa.jpg\" data-elementor-open-lightbox=\"yes\" data-elementor-lightbox-slideshow=\"all-c2279e1\" e-action-hash=\"#elementor-action%3Aaction%3Dlightbox%26settings%3DeyJpZCI6Nzg3LCJ1cmwiOiJodHRwczpcL1wvbGV2ZWx1cHNwb3J0LnBsXC93cC1jb250ZW50XC91cGxvYWRzXC8yMDIyXC8wOFwvaGFsYWEuanBnIiwic2xpZGVzaG93IjoiYWxsLWMyMjc5ZTEifQ%3D%3D\"><br \/>\n<\/a><br \/>\n<a href=\"https:\/\/levelupsport.pl\/wp-content\/uploads\/2022\/08\/hal.jpg\" data-elementor-open-lightbox=\"yes\" data-elementor-lightbox-slideshow=\"all-c2279e1\" e-action-hash=\"#elementor-action%3Aaction%3Dlightbox%26settings%3DeyJpZCI6Nzg1LCJ1cmwiOiJodHRwczpcL1wvbGV2ZWx1cHNwb3J0LnBsXC93cC1jb250ZW50XC91cGxvYWRzXC8yMDIyXC8wOFwvaGFsLmpwZyIsInNsaWRlc2hvdyI6ImFsbC1jMjI3OWUxIn0%3D\"><br \/>\n<\/a><br \/>\n<a href=\"https:\/\/levelupsport.pl\/wp-content\/uploads\/2022\/08\/CSR.jpg\" data-elementor-open-lightbox=\"yes\" data-elementor-lightbox-slideshow=\"all-c2279e1\" e-action-hash=\"#elementor-action%3Aaction%3Dlightbox%26settings%3DeyJpZCI6Nzg0LCJ1cmwiOiJodHRwczpcL1wvbGV2ZWx1cHNwb3J0LnBsXC93cC1jb250ZW50XC91cGxvYWRzXC8yMDIyXC8wOFwvQ1NSLmpwZyIsInNsaWRlc2hvdyI6ImFsbC1jMjI3OWUxIn0%3D\"><br \/>\n<\/a><\/p>\n","protected":false},"excerpt":{"rendered":"<p>Halowy turniej pi\u0142ki no\u017cnej &#8211; marzec 2023 Serdecznie zapraszamy na kolejn\u0105 edycj\u0119 halowych turniej\u00f3w pi\u0142karskich organizowanych w Centrum Sportu Raszyn.&nbsp; Tym razem zagramy w pierwszy weekend marca 4-5.03.2023r. Poni\u017cej przedstawiamy pe\u0142ny harmonogram: &#8211; 4.03.2023r. w godzinach od 8:00 do 14:00 \u2013 rocznik 2016\/17 \u2013 poziom pocz\u0105tkuj\u0105cy, gramy bez klasyfikacji, ka\u017cdy z ka\u017cdym, 8 zespo\u0142\u00f3w \u2013 [&hellip;]<\/p>\n","protected":false},"author":1,"featured_media":0,"parent":0,"menu_order":0,"comment_status":"closed","ping_status":"closed","template":"elementor_header_footer","meta":[],"_links":{"self":[{"href":"https:\/\/levelupsport.pl\/index.php\/wp-json\/wp\/v2\/pages\/1156"}],"collection":[{"href":"https:\/\/levelupsport.pl\/index.php\/wp-json\/wp\/v2\/pages"}],"about":[{"href":"https:\/\/levelupsport.pl\/index.php\/wp-json\/wp\/v2\/types\/page"}],"author":[{"embeddable":true,"href":"https:\/\/levelupsport.pl\/index.php\/wp-json\/wp\/v2\/users\/1"}],"replies":[{"embeddable":true,"href":"https:\/\/levelupsport.pl\/index.php\/wp-json\/wp\/v2\/comments?post=1156"}],"version-history":[{"count":5,"href":"https:\/\/levelupsport.pl\/index.php\/wp-json\/wp\/v2\/pages\/1156\/revisions"}],"predecessor-version":[{"id":1708,"href":"https:\/\/levelupsport.pl\/index.php\/wp-json\/wp\/v2\/pages\/1156\/revisions\/1708"}],"wp:attachment":[{"href":"https:\/\/levelupsport.pl\/index.php\/wp-json\/wp\/v2\/media?parent=1156"}],"curies":[{"name":"wp","href":"https:\/\/api.w.org\/{rel}","templated":true}]}}